{"id":1759,"date":"2017-07-17T16:39:02","date_gmt":"2017-07-17T15:39:02","guid":{"rendered":"http:\/\/pugsada.org\/wordpress\/?page_id=1759"},"modified":"2017-11-27T03:44:09","modified_gmt":"2017-11-27T02:44:09","slug":"qui-sommes-nous","status":"publish","type":"page","link":"http:\/\/pugsada.org\/wordpress\/qui-sommes-nous\/","title":{"rendered":"Qui sommes-nous ?"},"content":{"rendered":"<p>[vc_row 0=\u00a0\u00bb\u00a0\u00bb][vc_column][vc_column_text 0=\u00a0\u00bb\u00a0\u00bb]<\/p>\n<figure id=\"attachment_1977\" aria-describedby=\"caption-attachment-1977\" style=\"width: 210px\" class=\"wp-caption alignleft\"><a href=\"http:\/\/pugsada.org\/wordpress\/wp-content\/uploads\/2017\/07\/Mme-LOUGUE_web-ok.jpg\"><img decoding=\"async\" loading=\"lazy\" class=\"wp-image-1977 size-medium\" src=\"http:\/\/pugsada.org\/wordpress\/wp-content\/uploads\/2017\/07\/Mme-LOUGUE_web-ok-210x300.jpg\" alt=\"\" width=\"210\" height=\"300\" srcset=\"http:\/\/pugsada.org\/wordpress\/wp-content\/uploads\/2017\/07\/Mme-LOUGUE_web-ok-210x300.jpg 210w, http:\/\/pugsada.org\/wordpress\/wp-content\/uploads\/2017\/07\/Mme-LOUGUE_web-ok-301x430.jpg 301w, http:\/\/pugsada.org\/wordpress\/wp-content\/uploads\/2017\/07\/Mme-LOUGUE_web-ok.jpg 314w\" sizes=\"(max-width: 210px) 100vw, 210px\" \/><\/a><figcaption id=\"caption-attachment-1977\" class=\"wp-caption-text\">Mme Hortense LOUGUE, Directrice Ex\u00e9cutive<\/figcaption><\/figure>\n<p><em>Par Mme Hortense LOUGUE, directrice ex\u00e9cutive<\/em><\/p>\n<p>C\u2019est un r\u00e9el plaisir pour moi\u00a0de partager avec vous qui nous sommes, l\u2019actualit\u00e9 de notre organisation et ses perspectives. L\u2019Association d\u2019Appui et d\u2019\u00c9veil Pugsada nourrit en effet de grandes ambitions! Et ce,\u00a0pour les filles du Burkina Faso dont elle en fait son cheval de bataille.\u00a0\u00c0 travers cinq domaines strat\u00e9giques, nous abattons un travail extraordinaire au b\u00e9n\u00e9fice de nos groupes cibles. Bon an, mal an,\u00a0nous r\u00e9alisons plus d&rsquo;une dizaine de projets pour l&rsquo;\u00e9panouissement des filles du Burkina Faso. Contre le mariage d&rsquo;enfants, nous assurons la coordination d\u2019un programme national et\u00a0celle\u00a0d\u2019une Coalition regroupant les organisations de la soci\u00e9t\u00e9 civile de 45 provinces du pays.<\/p>\n<h3><\/h3>\n<h3><\/h3>\n<p>&nbsp;<\/p>\n<h3>Un personnel d\u00e9vou\u00e9<\/h3>\n<p>Ces cinq derni\u00e8res ann\u00e9es, on peut chiffrer \u00e0 des dizaines de milliers le nombre de filles, gar\u00e7ons,\u00a0femmes et hommes b\u00e9n\u00e9ficiaires des services de l\u2019Association Pugsada.\u00a0Parmi lesquels on compte \u00e9galement des acteurs de l\u2019\u00e9ducation, de leaders coutumiers, religieux et communautaires. Ces accomplissements, l\u2019Association Pugsada les doit \u00e0 l\u2019abn\u00e9gation et au d\u00e9vouement d\u2019un personnel tr\u00e8s engag\u00e9 qui abat quotidiennement un travail remarquable. Tout comme \u00e0 un ensemble de partenariats\u00a0solides avec des organisations nationales et internationales avec qui elle partage les m\u00eames valeurs.<\/p>\n<p>Son Secr\u00e9tariat Ex\u00e9cutif\u00a0compte actuellement un personnel d\u2019une vingtaine d\u2019agents dynamiques, motiv\u00e9s et comp\u00e9tents, qui \u0153uvrent inlassablement au quotidien \u00e0 la r\u00e9alisation de la mission de l\u2019organisation. A l\u2019Association Pugsada, la justesse de la cause d\u00e9fendue, les combats men\u00e9s et gagn\u00e9s pas \u00e0 pas, les joies et les peines, la satisfaction des b\u00e9n\u00e9ficiaires, nous poussent \u00e0 avancer ensemble. Le s\u00e9rieux et l\u2019abn\u00e9gation dont nous faisons montre,\u00a0nous valent la confiance sans cesse renouvel\u00e9e des partenaires techniques et financiers qui nous renvoient par cons\u00e9quent un \u00e9cho de cr\u00e9dibilit\u00e9 et de bonne r\u00e9putation. Tout ceci, nous le devons \u00e9galement au climat serein de collaboration dont le Secr\u00e9tariat Ex\u00e9cutif b\u00e9n\u00e9ficie aupr\u00e8s du Conseil d\u2019Administration et de l\u2019ensemble des membres de l\u2019organisation auxquels nous faisons un clin d\u2019\u0153il complice.<\/p>\n<h3>R\u00e9aliser ses r\u00eaves<\/h3>\n<p>Consciente que rien de grand ne peut se faire sans grands moyens, l\u2019objectif actuel \u00e0 l\u2019Association Pugsada est celui de disposer d\u2019un si\u00e8ge social propre dot\u00e9 d\u2019un centre polyvalent de prise en charge des victimes de violences. En plus, nous souhaitons\u00a0de repr\u00e9sentations locales dans les 13 r\u00e9gions du pays afin d&rsquo;assurer des services d&rsquo;appui \u00e0 l&rsquo;ensemble des filles burkinab\u00e8. L\u2019Association Pugsada y parviendra sans nul doute, mais ne saurait se passer de l\u2019appui et du soutien tous ceux pr\u00eats \u00e0 s&rsquo;engag\u00e9s pour l\u2019\u00e9panouissement de la fille. Oui, votre apport si modeste soit-il, est une contribution inestimable \u00e0 l\u2019\u0153uvre d\u2019\u00e9dification d\u2019un Burkina Faso\u00a0de filles \u00e9panouies contribuent \u00e0 part enti\u00e8re au d\u00e9veloppement de leur pays![\/vc_column_text][\/vc_column][\/vc_row][vc_row][vc_column]<div class=\"col-md-12 col-sm-12 text-center section-heading-container\">\n                            <h2 class=\"section-heading\">Nous rejoindre<\/h2>\n                            <p class=\"section-subheading\"><\/p>\n                        <\/div><div class=\"row\"><div class=\"col-lg-4 col-md-4 col-sm-6 col-xs-12\"><div class=\"highlight-1 xs-margin\">\n                        <i class=\"fa fa-users\" aria-hidden=\"true\"><\/i>\n                        <h5>Devenir membre<\/h5>\n                        <p><br \/>\n<\/p>\n                        <a class=\"bg_1\" href=\"#\"> <i class=\"fa fa-arrow-right\"><\/i><\/a>\n                    <\/div> <!--  end .main_highlights  --><\/div><div class=\"col-lg-4 col-md-4 col-sm-6 col-xs-12\"><div class=\"highlight-1 xs-margin\">\n                        <i class=\"fa fa-instagram\" aria-hidden=\"true\"><\/i>\n                        <h5>Devenir partenaire<\/h5>\n                        <p><\/p>\n<p><\/p>\n                        <a class=\"bg_1\" href=\"#\"> <i class=\"fa fa-arrow-right\"><\/i><\/a>\n                    <\/div> <!--  end .main_highlights  --><\/div><div class=\"col-lg-4 col-md-4 col-sm-6 col-xs-12\"><div class=\"highlight-1 xs-margin\">\n                        <i class=\"fa fa-instagram\" aria-hidden=\"true\"><\/i>\n                        <h5>Faire un don<\/h5>\n                        <p><\/p>\n<p><\/p>\n                        <a class=\"bg_1\" href=\"#\"> <i class=\"fa fa-arrow-right\"><\/i><\/a>\n                    <\/div> <!--  end .main_highlights  --><\/div><\/div>[\/vc_column][\/vc_row]<\/p>\n","protected":false},"excerpt":{"rendered":"<p>[vc_row 0=\u00a0\u00bb\u00a0\u00bb][vc_column][vc_column_text 0=\u00a0\u00bb\u00a0\u00bb] Par Mme Hortense LOUGUE, directrice ex\u00e9cutive C\u2019est un r\u00e9el plaisir pour moi\u00a0de partager avec vous qui nous sommes, l\u2019actualit\u00e9 de notre organisation et ses perspectives. L\u2019Association d\u2019Appui et d\u2019\u00c9veil Pugsada nourrit en effet de grandes ambitions! Et ce,\u00a0pour les filles du Burkina Faso dont elle en fait son cheval de bataille.\u00a0\u00c0 travers [&hellip;]<\/p>\n","protected":false},"author":1,"featured_media":0,"parent":0,"menu_order":0,"comment_status":"closed","ping_status":"closed","template":"","meta":[],"_links":{"self":[{"href":"http:\/\/pugsada.org\/wordpress\/wp-json\/wp\/v2\/pages\/1759"}],"collection":[{"href":"http:\/\/pugsada.org\/wordpress\/wp-json\/wp\/v2\/pages"}],"about":[{"href":"http:\/\/pugsada.org\/wordpress\/wp-json\/wp\/v2\/types\/page"}],"author":[{"embeddable":true,"href":"http:\/\/pugsada.org\/wordpress\/wp-json\/wp\/v2\/users\/1"}],"replies":[{"embeddable":true,"href":"http:\/\/pugsada.org\/wordpress\/wp-json\/wp\/v2\/comments?post=1759"}],"version-history":[{"count":13,"href":"http:\/\/pugsada.org\/wordpress\/wp-json\/wp\/v2\/pages\/1759\/revisions"}],"predecessor-version":[{"id":2071,"href":"http:\/\/pugsada.org\/wordpress\/wp-json\/wp\/v2\/pages\/1759\/revisions\/2071"}],"wp:attachment":[{"href":"http:\/\/pugsada.org\/wordpress\/wp-json\/wp\/v2\/media?parent=1759"}],"curies":[{"name":"wp","href":"https:\/\/api.w.org\/{rel}","templated":true}]}}