{"id":1626,"date":"2017-07-08T01:06:49","date_gmt":"2017-07-08T00:06:49","guid":{"rendered":"http:\/\/pugsada.org\/wordpress\/?page_id=1626"},"modified":"2017-07-14T00:19:55","modified_gmt":"2017-07-13T23:19:55","slug":"notre-histoire","status":"publish","type":"page","link":"https:\/\/pugsada.org\/wordpress\/notre-histoire\/","title":{"rendered":"Notre histoire"},"content":{"rendered":"<div class=\"full-width\">\n<div>\n<p align=\"justify\">Face aux diff\u00e9rentes discriminations sociales et \u00e9conomiques dont souffrent les femmes africaines et les femmes Burkinab\u00e8 en particulier, un groupe de femmes et d\u2019hommes Burkinab\u00e8 ont d\u00e9cid\u00e9 en 1995 de mettre en commun leur intelligence et leur \u00e9nergie en vue de l\u2019\u00e9mergence d\u2019une population f\u00e9minine plus forte, plus \u00e9duqu\u00e9e et mieux pr\u00e9par\u00e9e \u00e0 participer d\u2019une mani\u00e8re responsable et effective au d\u00e9veloppement du Burkina Faso. Ce groupe a focalis\u00e9 ses actions sur les jeunes filles \u00e9tant les femmes, les \u00e9pouses et les m\u00e8res de demain.<\/p>\n<p>Une \u00e9quipe compos\u00e9e de la pr\u00e9sidente fondatrice de l\u2019ONG, Mme Marie L\u00e9a GAMA-ZONGO et de ses collaborateurs \u00e0 savoir Mme Odile TIENDREBEOGO-KABORE, Mme Esther TEGRE-ZONGO, Mme Th\u00e9r\u00e8se ZOUNGRANA, M. C\u00e9lestin TOE et Mme Solange KABORE s\u2019est attel\u00e9e \u00e0 asseoir les bases de l\u2019association. Le souci de l\u2019originalit\u00e9 et celui de placer la fille au centre des pr\u00e9occupations ont guid\u00e9 leur choix du nom de l\u2019organisation, qu\u2019ils ont nomm\u00e9 \u00ab\u00a0Association d\u2019Appui et d\u2019\u00c9veil Pugsada (ADEP). \u00a0Pugsada signifie jeune fille en langue nationale moor\u00e9, (les mossi constituent l\u2019ethnie majoritaire du Burkina Faso).<br \/>\nPour le groupe, l\u2019association doit \u00e9veiller les filles par rapport \u00e0 l\u2019importance de leurs droits\/devoirs, de leurs capacit\u00e9s intrins\u00e8ques et les appuyer, les accompagner vers un changement positif de leur vie. Le logo de l\u2019organisation cherche ainsi \u00e0 symboliser l\u2019\u00e9veil national quant aux droits des filles, ainsi que l\u2019espoir et l\u2019opportunit\u00e9 d\u2019une prise de conscience sur la situation des filles au Burkina Faso.<\/p>\n<p>En tenant compte des r\u00e9alit\u00e9s des filles des villes et des campagnes du Burkina Faso les membres fondateurs de l\u2019association ont d\u00e9cid\u00e9 de centraliser les premi\u00e8res actions sur la lutte contre le mariage pr\u00e9coce et forc\u00e9 de la fille, sur son \u00e9ducation et sur sa formation technique.<\/p>\n<p>A cette \u00e9poque, le mariage pr\u00e9coce et forc\u00e9 de la fille \u00e9tait toujours un sujet vraiment tabou. Seules les \u00e9glises religieuses et sp\u00e9cialement l\u2019\u00e9glise catholique en avaient fait une priorit\u00e9. Cependant, convaincus du bien fond\u00e9 de leurs actions, les responsables de l\u2019ADEP n\u2019ont m\u00e9nag\u00e9 aucun effort pour \u00eatre la voix de ces filles sans d\u00e9fense et croulant sous le poids de certains aspects n\u00e9gatifs de nos traditions.<\/p>\n<p>Il est important de souligner ici que tous les membres de l\u2019association travaillaient en tant que b\u00e9n\u00e9voles, sans aucun financement. Malgr\u00e9 ces \u00a0difficult\u00e9s, la conviction des responsables de l\u2019ADEP du bien-fond\u00e9 de leurs actions n\u2019a jamais \u00e9t\u00e9 \u00e9branl\u00e9e. De grands sacrifices ont \u00e9t\u00e9 consentis par les membres fondateurs pour jeter des bases solides afin de b\u00e2tir une organisation solide et viable.<\/p>\n<p>Toujours en 1995, compte tenu de l\u2019originalit\u00e9 des actions de l\u2019association et du changement positif que cela pouvait avoir sur la vie des filles des villes et des campagnes du Burkina Faso et sur la soci\u00e9t\u00e9, la pr\u00e9sidente a \u00e9t\u00e9 s\u00e9lectionn\u00e9e comme Ashoka Fellow par une importante organisation Am\u00e9ricaine d\u00e9nomm\u00e9e Ashoka et dont le si\u00e8ge se trouve \u00e0 Washington, DC aux Etats-Unis. Cela lui a donc permis de se focaliser sur les activit\u00e9s de l\u2019association. Puis, d\u00e8s 1996, l\u2019association a \u00e9t\u00e9 officiellement reconnue, marquant concr\u00e8tement le d\u00e9marrage de ses activit\u00e9s.<\/p>\n<p>En 1998, Oxfam Intermon a \u00e9t\u00e9 un des tout premiers partenaires \u00e0 faire confiance \u00e0 l\u2019ADEP en soutenant l\u2019Association quant \u00e0 ses activit\u00e9s internes.<\/p>\n<p>Puis, respectivement en 1999 et en 2000, Diakonia et Comic Relief, ont d\u00e9cid\u00e9 de cheminer avec l\u2019ADEP pour l\u2019atteinte de ses objectifs. Cela a \u00e9t\u00e9 d\u2019un grand soutien pour l\u2019organisation qui a pu louer et \u00e9quiper un si\u00e8ge ainsi que recruter du personnel, permettant \u00e0 la structure d\u2019\u00eatre plus effective sur le terrain et plus op\u00e9rationnelle. Auparavant limit\u00e9e \u00e0 la province du Kadiogo (Ouagadougou et Pabr\u00e9) et \u00e0 celle du Bazega (Kombissiri), ses zones d\u2019intervention ont \u00e9t\u00e9 \u00e9largies aux provinces suivantes : Sanmatenga, Boulkiemd\u00e9, Yatenga et Oubritenga.<\/p>\n<p>Les strat\u00e9gies d\u2019intervention de l\u2019association ont aussi \u00e9volu\u00e9. L\u2019ADEP travaille directement avec ses groupes cibles dans les \u00e9coles, les lyc\u00e9es, les communaut\u00e9s religieuses, les populations des villes et des campagnes. Pour ce faire, elle utilise diff\u00e9rents canaux de communication \u00e0 savoir la radio, le th\u00e9\u00e2tre- forum, les s\u00e9ances d\u2019animation, les ateliers de sensibilisation et de formation, la t\u00e9l\u00e9vision, les journaux, les documentaires, etc. En 2001,\u00a0 compte tenu des plaintes re\u00e7ues des filles des lyc\u00e9es et coll\u00e8ges concernant le harc\u00e8lement sexuel dont elles \u00e9taient victimes dans leurs \u00e9tablissements scolaires, l\u2019ADEP introduit un autre sujet aussi controvers\u00e9 et tabou que le mariage forc\u00e9: le harc\u00e8lement sexuel en milieu scolaire, un des obstacles qui emp\u00eachent les filles de poursuivre leurs \u00e9tudes.<\/p>\n<p>Toujours en 2001, l\u2019Association a \u00e9t\u00e9 reconnue comme Organisation non-Gouvernementale (ONG).<\/p>\n<p>Trois ans apr\u00e8s, soit en 2004, l\u2019ONG est devenue membre observateur de la Commission Africaine des Droits de l\u2019Homme et des Peuples.<\/p>\n<p>En 2005, Global Fund for Children et Oxfam Qu\u00e9bec sont venus accroitre le nombre des partenaires techniques et financiers de l\u2019ADEP.<\/p>\n<p>De 2005 \u00e0 2015, l\u2019ADEP a obtenu l\u2019appui financier et technique de plusieurs partenaires d\u2019aide au d\u00e9veloppement avec lesquels elle a engrang\u00e9 de grands r\u00e9sultats. \u00a0Aujourd\u2019hui, l\u2019ADEP est fi\u00e8re d\u2019avoir \u00e0 ses c\u00f4t\u00e9s des partenaires techniques et financiers qui croient en ses capacit\u00e9s de changement, d\u2019innovation pour une am\u00e9lioration effective du statut et des conditions de vie des filles des villes et des campagnes du Burkina Faso.<\/p>\n<p>Enfin, l\u2019ADEP ne serait pas l\u00e0 o\u00f9 elle est aujourd\u2019hui sans l\u2019engagement effectif et soutenu des membres de son Comit\u00e9 directeur et du personnel permanent de la coordination. Cette \u00e9quipe forte de vingt et un membres (15 femmes et 6 hommes) continue d\u2019\u00e9crire inlassablement l\u2019histoire de l\u2019ADEP gr\u00e2ce \u00e0 sa disponibilit\u00e9 sans cesse renouvel\u00e9e et avec la conviction que chaque acte qu\u2019elle pose apporte un changement positif dans la vie d\u2019une fille dans une contr\u00e9e donn\u00e9e du Burkina Faso.<\/p>\n<\/div>\n<div class=\"clear\"><\/div>\n<\/div>\n<div class=\"clear\"><\/div>\n<div id=\"footer\"><\/div>\n","protected":false},"excerpt":{"rendered":"<p>Face aux diff\u00e9rentes discriminations sociales et \u00e9conomiques dont souffrent les femmes africaines et les femmes Burkinab\u00e8 en particulier, un groupe de femmes et d\u2019hommes Burkinab\u00e8 ont d\u00e9cid\u00e9 en 1995 de mettre en commun leur intelligence et leur \u00e9nergie en vue de l\u2019\u00e9mergence d\u2019une population f\u00e9minine plus forte, plus \u00e9duqu\u00e9e et mieux pr\u00e9par\u00e9e \u00e0 participer d\u2019une [&hellip;]<\/p>\n","protected":false},"author":1,"featured_media":0,"parent":0,"menu_order":0,"comment_status":"closed","ping_status":"closed","template":"","meta":[],"_links":{"self":[{"href":"https:\/\/pugsada.org\/wordpress\/wp-json\/wp\/v2\/pages\/1626"}],"collection":[{"href":"https:\/\/pugsada.org\/wordpress\/wp-json\/wp\/v2\/pages"}],"about":[{"href":"https:\/\/pugsada.org\/wordpress\/wp-json\/wp\/v2\/types\/page"}],"author":[{"embeddable":true,"href":"https:\/\/pugsada.org\/wordpress\/wp-json\/wp\/v2\/users\/1"}],"replies":[{"embeddable":true,"href":"https:\/\/pugsada.org\/wordpress\/wp-json\/wp\/v2\/comments?post=1626"}],"version-history":[{"count":4,"href":"https:\/\/pugsada.org\/wordpress\/wp-json\/wp\/v2\/pages\/1626\/revisions"}],"predecessor-version":[{"id":1755,"href":"https:\/\/pugsada.org\/wordpress\/wp-json\/wp\/v2\/pages\/1626\/revisions\/1755"}],"wp:attachment":[{"href":"https:\/\/pugsada.org\/wordpress\/wp-json\/wp\/v2\/media?parent=1626"}],"curies":[{"name":"wp","href":"https:\/\/api.w.org\/{rel}","templated":true}]}}