{"id":1631,"date":"2017-07-08T01:09:07","date_gmt":"2017-07-08T00:09:07","guid":{"rendered":"http:\/\/pugsada.org\/wordpress\/?page_id=1631"},"modified":"2020-02-25T12:22:08","modified_gmt":"2020-02-25T11:22:08","slug":"nos-distinctions","status":"publish","type":"page","link":"https:\/\/pugsada.org\/wordpress\/nos-distinctions\/","title":{"rendered":"Nos distinctions"},"content":{"rendered":"<ul>\n<li>Organisation f\u00e9minine de la soci\u00e9t\u00e9 civile burkinab\u00e8 cr\u00e9\u00e9e en 1995,<\/li>\n<li>Reconnue officiellement en 1996,<\/li>\n<li>Acquis le statut d\u2019ONG en 2001,<\/li>\n<li>D\u00e9cor\u00e9e en 2009, comme chevalier de l\u2019Ordre du M\u00e9rite Burkinab\u00e8,<\/li>\n<li>Chevalier de l\u2019Ordre du M\u00e9rite National 2009,<\/li>\n<li>Laur\u00e9at du Civil Society Fund 2010,<\/li>\n<li>Prix d\u2019excellence 2011 du Programme D\u00e9mocratie, Droits humains et Genre de Diakonia,<\/li>\n<li>Reconnue Association d\u2019utilit\u00e9 publique depuis mars 2013,<\/li>\n<li>Chevalier de l\u2019Ordre du M\u00e9rite National 2009,<\/li>\n<li>Laur\u00e9at du Civil Society Fund 2010,<\/li>\n<li>Prix d\u2019excellence 2011 du Programme D\u00e9mocratie, Droits humains et Genre de Diakonia,<\/li>\n<li>D\u00e9cor\u00e9e en 2017, comme Officier de l\u2019Ordre du M\u00e9rite Burkinab\u00e8.<\/li>\n<\/ul>\n","protected":false},"excerpt":{"rendered":"<p>Organisation f\u00e9minine de la soci\u00e9t\u00e9 civile burkinab\u00e8 cr\u00e9\u00e9e en 1995, Reconnue officiellement en 1996, Acquis le statut d\u2019ONG en 2001, D\u00e9cor\u00e9e en 2009, comme chevalier de l\u2019Ordre du M\u00e9rite Burkinab\u00e8, Chevalier de l\u2019Ordre du M\u00e9rite National 2009, Laur\u00e9at du Civil Society Fund 2010, Prix d\u2019excellence 2011 du Programme D\u00e9mocratie, Droits humains et Genre de Diakonia, [&hellip;]<\/p>\n","protected":false},"author":1,"featured_media":0,"parent":0,"menu_order":0,"comment_status":"closed","ping_status":"closed","template":"","meta":[],"_links":{"self":[{"href":"https:\/\/pugsada.org\/wordpress\/wp-json\/wp\/v2\/pages\/1631"}],"collection":[{"href":"https:\/\/pugsada.org\/wordpress\/wp-json\/wp\/v2\/pages"}],"about":[{"href":"https:\/\/pugsada.org\/wordpress\/wp-json\/wp\/v2\/types\/page"}],"author":[{"embeddable":true,"href":"https:\/\/pugsada.org\/wordpress\/wp-json\/wp\/v2\/users\/1"}],"replies":[{"embeddable":true,"href":"https:\/\/pugsada.org\/wordpress\/wp-json\/wp\/v2\/comments?post=1631"}],"version-history":[{"count":4,"href":"https:\/\/pugsada.org\/wordpress\/wp-json\/wp\/v2\/pages\/1631\/revisions"}],"predecessor-version":[{"id":2376,"href":"https:\/\/pugsada.org\/wordpress\/wp-json\/wp\/v2\/pages\/1631\/revisions\/2376"}],"wp:attachment":[{"href":"https:\/\/pugsada.org\/wordpress\/wp-json\/wp\/v2\/media?parent=1631"}],"curies":[{"name":"wp","href":"https:\/\/api.w.org\/{rel}","templated":true}]}}