{"id":1652,"date":"2017-07-08T06:23:28","date_gmt":"2017-07-08T05:23:28","guid":{"rendered":"http:\/\/pugsada.org\/wordpress\/?page_id=1652"},"modified":"2017-07-14T00:34:35","modified_gmt":"2017-07-13T23:34:35","slug":"civisme-et-citoyennete","status":"publish","type":"page","link":"https:\/\/pugsada.org\/wordpress\/civisme-et-citoyennete\/","title":{"rendered":"Civisme et citoyennet\u00e9"},"content":{"rendered":"<p>L\u2019ADEP est engag\u00e9e dans le renforcement des comp\u00e9tences des jeunes et des femmes en mati\u00e8re de citoyennet\u00e9 afin de les amener \u00e0 s\u2019impliquer r\u00e9ellement et \u00e0 apporter leur voix dans les questions qui les concernent et les questions de la cit\u00e9.<\/p>\n<p>Des actions de sensibilisation sont aussi men\u00e9es en vue d\u2019apporter l\u2019information juste aux jeunes en mati\u00e8re de civisme, soit sur les droits et les devoirs en lien avec le patriotisme, le respect des biens et infrastructures publics, du code de la route, des symboles de l\u2019\u00c9tat, etc.<\/p>\n","protected":false},"excerpt":{"rendered":"<p>L\u2019ADEP est engag\u00e9e dans le renforcement des comp\u00e9tences des jeunes et des femmes en mati\u00e8re de citoyennet\u00e9 afin de les amener \u00e0 s\u2019impliquer r\u00e9ellement et \u00e0 apporter leur voix dans les questions qui les concernent et les questions de la cit\u00e9. Des actions de sensibilisation sont aussi men\u00e9es en vue d\u2019apporter l\u2019information juste aux jeunes [&hellip;]<\/p>\n","protected":false},"author":1,"featured_media":0,"parent":0,"menu_order":0,"comment_status":"closed","ping_status":"closed","template":"","meta":[],"_links":{"self":[{"href":"https:\/\/pugsada.org\/wordpress\/wp-json\/wp\/v2\/pages\/1652"}],"collection":[{"href":"https:\/\/pugsada.org\/wordpress\/wp-json\/wp\/v2\/pages"}],"about":[{"href":"https:\/\/pugsada.org\/wordpress\/wp-json\/wp\/v2\/types\/page"}],"author":[{"embeddable":true,"href":"https:\/\/pugsada.org\/wordpress\/wp-json\/wp\/v2\/users\/1"}],"replies":[{"embeddable":true,"href":"https:\/\/pugsada.org\/wordpress\/wp-json\/wp\/v2\/comments?post=1652"}],"version-history":[{"count":2,"href":"https:\/\/pugsada.org\/wordpress\/wp-json\/wp\/v2\/pages\/1652\/revisions"}],"predecessor-version":[{"id":1745,"href":"https:\/\/pugsada.org\/wordpress\/wp-json\/wp\/v2\/pages\/1652\/revisions\/1745"}],"wp:attachment":[{"href":"https:\/\/pugsada.org\/wordpress\/wp-json\/wp\/v2\/media?parent=1652"}],"curies":[{"name":"wp","href":"https:\/\/api.w.org\/{rel}","templated":true}]}}