{"id":1722,"date":"2017-07-11T09:14:00","date_gmt":"2017-07-11T08:14:00","guid":{"rendered":"http:\/\/pugsada.org\/wordpress\/?page_id=1722"},"modified":"2020-04-20T15:48:58","modified_gmt":"2020-04-20T14:48:58","slug":"partenaires-passes","status":"publish","type":"page","link":"https:\/\/pugsada.org\/wordpress\/partenaires-passes\/","title":{"rendered":"Partenaires techniques et financiers"},"content":{"rendered":"<ol>\n<li><strong>COMIC RELIEF<\/strong> : ONG am\u00e9ricaine, fin de partenariat en 2006<\/li>\n<li><strong>Royal tropical institut<\/strong> (KIT) : ONG n\u00e9erlandaise<\/li>\n<li><strong>Intermon OXFAM<\/strong> : ONG Espagnole, fin de partenariat en 2004<\/li>\n<li><strong>Royal Tropical Institut<\/strong><\/li>\n<li><strong>DIAKONIA :<\/strong> ONG Su\u00e9doise,<\/li>\n<li><strong>FONDS MONDIAL POUR LES FEMMES\u00a0(FMF)<\/strong> : Etats Unis<\/li>\n<li><strong>KINDERPOSTZEGELS :<\/strong> Pays Bas,<\/li>\n<li><strong>FONDATION POUR UNE SOCI\u00c9T\u00c9 JUSTE (FJS):<\/strong> Etats Unis,<\/li>\n<li><strong>SAVE THE CHILDREN INTERNATIONAL\/<\/strong> Burkina Faso,<\/li>\n<li><strong>CENTRE DE SOLIDARITE INTERNATIONALE<\/strong>,<\/li>\n<li><strong>RONCALI<\/strong> : Canada,<\/li>\n<li><strong>IAMANEH\/<\/strong>Suisse,<\/li>\n<li><strong>AFFAIRE MONDIAL CANADIEN<\/strong> : Canada,<\/li>\n<li><strong>COMIT\u00c9 CENTRAL MENNONITE (MCC)<\/strong>: Etats Unis,<\/li>\n<li><strong>UNICEF \/<\/strong> Burkina Faso,<\/li>\n<li><strong>PLAN INTERNATIONAL<\/strong>\/ Burkina Faso,<\/li>\n<li><strong>ZONTA CLUB INTERNATIONAL<\/strong>\/ Burkina Faso,<\/li>\n<li><strong>SECRETARIAT PERMANNANT DU CONSEIL NATIONAL DE LUTTE CONTRE LES IST et VIH\/SIDA (SP\/CNLSS-IST)<\/strong>: Burkina Faso.<\/li>\n<\/ol>\n<p><em><strong>conf\u00e8re logos des partenaires au bas de la page d&rsquo;accueil.<\/strong><\/em><\/p>\n","protected":false},"excerpt":{"rendered":"<p>COMIC RELIEF : ONG am\u00e9ricaine, fin de partenariat en 2006 Royal tropical institut (KIT) : ONG n\u00e9erlandaise Intermon OXFAM : ONG Espagnole, fin de partenariat en 2004 Royal Tropical Institut DIAKONIA : ONG Su\u00e9doise, FONDS MONDIAL POUR LES FEMMES\u00a0(FMF) : Etats Unis KINDERPOSTZEGELS : Pays Bas, FONDATION POUR UNE SOCI\u00c9T\u00c9 JUSTE (FJS): Etats Unis, SAVE [&hellip;]<\/p>\n","protected":false},"author":1,"featured_media":0,"parent":0,"menu_order":0,"comment_status":"closed","ping_status":"closed","template":"","meta":[],"_links":{"self":[{"href":"https:\/\/pugsada.org\/wordpress\/wp-json\/wp\/v2\/pages\/1722"}],"collection":[{"href":"https:\/\/pugsada.org\/wordpress\/wp-json\/wp\/v2\/pages"}],"about":[{"href":"https:\/\/pugsada.org\/wordpress\/wp-json\/wp\/v2\/types\/page"}],"author":[{"embeddable":true,"href":"https:\/\/pugsada.org\/wordpress\/wp-json\/wp\/v2\/users\/1"}],"replies":[{"embeddable":true,"href":"https:\/\/pugsada.org\/wordpress\/wp-json\/wp\/v2\/comments?post=1722"}],"version-history":[{"count":7,"href":"https:\/\/pugsada.org\/wordpress\/wp-json\/wp\/v2\/pages\/1722\/revisions"}],"predecessor-version":[{"id":2466,"href":"https:\/\/pugsada.org\/wordpress\/wp-json\/wp\/v2\/pages\/1722\/revisions\/2466"}],"wp:attachment":[{"href":"https:\/\/pugsada.org\/wordpress\/wp-json\/wp\/v2\/media?parent=1722"}],"curies":[{"name":"wp","href":"https:\/\/api.w.org\/{rel}","templated":true}]}}