{"id":1772,"date":"2017-07-17T17:04:03","date_gmt":"2017-07-17T16:04:03","guid":{"rendered":"http:\/\/pugsada.org\/wordpress\/?page_id=1772"},"modified":"2017-11-27T03:08:17","modified_gmt":"2017-11-27T02:08:17","slug":"de-presidente-1","status":"publish","type":"page","link":"https:\/\/pugsada.org\/wordpress\/de-presidente-1\/","title":{"rendered":"Mots de la Pr\u00e9sidente"},"content":{"rendered":"<figure id=\"attachment_1962\" aria-describedby=\"caption-attachment-1962\" style=\"width: 300px\" class=\"wp-caption alignleft\"><a href=\"http:\/\/pugsada.org\/wordpress\/wp-content\/uploads\/2017\/07\/ADEP_PCA-2016-2019.jpg\"><img decoding=\"async\" loading=\"lazy\" class=\"wp-image-1962 size-medium\" src=\"http:\/\/pugsada.org\/wordpress\/wp-content\/uploads\/2017\/07\/ADEP_PCA-2016-2019-300x269.jpg\" alt=\"\" width=\"300\" height=\"269\" srcset=\"https:\/\/pugsada.org\/wordpress\/wp-content\/uploads\/2017\/07\/ADEP_PCA-2016-2019-300x269.jpg 300w, https:\/\/pugsada.org\/wordpress\/wp-content\/uploads\/2017\/07\/ADEP_PCA-2016-2019-479x430.jpg 479w, https:\/\/pugsada.org\/wordpress\/wp-content\/uploads\/2017\/07\/ADEP_PCA-2016-2019.jpg 535w\" sizes=\"(max-width: 300px) 100vw, 300px\" \/><\/a><figcaption id=\"caption-attachment-1962\" class=\"wp-caption-text\">Mme Edith SAWADOGO, Pr\u00e9sidente du Conseil d&rsquo;Administration<\/figcaption><\/figure>\n<p>De ma position de Pr\u00e9sidente du Conseil d\u2019Administration de l\u2019Association D\u2019appui et d\u2019\u00c9veil Pugsada, je lance aujourd&rsquo;hui un cri du c\u0153ur parce que \u00a0je suis un t\u00e9moin privil\u00e9gi\u00e9 des fl\u00e9aux qui affligent les filles et qui les marquent plus durement aujourd\u2019hui\u00a0; dans une soci\u00e9t\u00e9 cosmopolite, culturellement hybride et mon\u00e9tariste.<\/p><\/div>\n<p>Face aux multiples maux sociaux qui assaillent la vie des femmes et des filles burkinab\u00e9es, notamment les mutilations g\u00e9nitales f\u00e9minines, les mariages d\u2019enfants et forc\u00e9s, l\u2019exclusion sociale, l\u2019exploitation sexuelle, \u00e9conomique et politique auxquelles \u00a0les partenaires au d\u00e9veloppement, les organisations de la Soci\u00e9t\u00e9 Civile et les organismes internationaux de coop\u00e9ration aux c\u00f4t\u00e9s de l\u2019Etat font front: l\u2019Association D\u2019appui et d\u2019Eveil Pugsada a la t\u00eate du peloton de ce qui concerne les conditions de vie des filles.<\/p>\n<p>L\u2019Etat burkinab\u00e9, dans ses efforts pour adopter les politiques, les lois et les strat\u00e9gies en faveur des femmes et des filles, fait un travail appr\u00e9ciable. De toute \u00e9vidence, le combat pour les droits des femmes et des filles demande beaucoup plus de regard, d\u2019ing\u00e9niosit\u00e9, d\u2019actions concr\u00e8tes et courageuses comme de ressources. C\u2019est en cela que le r\u00f4le de l\u2019Etat est primordial. C\u2019est pourquoi je saisis cette tribune pour vous interpeller et demander votre appui. J\u2019appel aussi l\u2019Etat et les organismes internationaux de coop\u00e9ration, pour qu\u2019ils appuient beaucoup plus efficacement avec des ressources cons\u00e9quentes, les organisations de la Soci\u00e9t\u00e9 Civile comme la n\u00f4tre qui abattent un travail formidable mais sont frustr\u00e9es par l\u2019insuffisance de moyens.\u00a0En effet, tant que la question du statut de la fille, ne sera pas r\u00e9gl\u00e9e au sein de la soci\u00e9t\u00e9 burkinab\u00e9, leurs \u00e9preuves ne feront que s\u2019empirer.<\/p>\n<h3>La situation des femmes<\/h3>\n<p>Si aujourd\u2019hui encore au Burkina Faso, la participation de la femme et de la fille dans le monde de l\u2019emploi r\u00e9mun\u00e9r\u00e9 ne d\u00e9passe gu\u00e8re le tiers des effectifs, avec le plus grand nombre au bas de l\u2019\u00e9chelle en termes de revenus, on peut s\u2019imaginer les p\u00e9rip\u00e9ties que cette cat\u00e9gorie de privil\u00e9gi\u00e9es, que dis-je, de rescap\u00e9es plut\u00f4t, doivent traverser pour y arriver et les affres que subissent celles qui se retrouvent exclues de ce cercle, aux prises avec la pauvret\u00e9 extr\u00eame et expos\u00e9es \u00e0 l\u2019exploitation de toutes sortes.<\/p>\n<p>Ce triste tableau de la situation des femmes du Burkina Faso est le parfait reflet des exclusions et des violences dont les filles sont l\u2019objet. C&rsquo;est une r\u00e9alit\u00e9 que nous vivons quotidiennement avec elles \u00e0 l\u2019Association Pugsada. Pourtant, quelque part, des statistiques flatteuses nous narguent. Les filles avoisinent actuellement la parit\u00e9 \u00e0 l\u2019\u00e9cole primaire\u00a0; mais d\u00e8s lors que l\u2019on avance dans les ordres d\u2019enseignement, leur absence criarde vient rappeler les drames qu\u2019elles commencent \u00e0 vivre d\u00e8s leur pubert\u00e9, je veux parler des grossesses non d\u00e9sir\u00e9es et des mariages d\u2019enfants.<\/p>\n<p>Au vu de cette r\u00e9alit\u00e9 poignante, nous sommes plus que jamais d\u00e9termin\u00e9e et convaincue que notre vision d\u2019un Burkina Faso o\u00f9 les filles jouissent pleinement de leurs droits en toute s\u00e9curit\u00e9 et r\u00e9alisent leur potentiel, est porteuse d&rsquo;espoir. C\u2019est pourquoi nous d\u00e9ployons \u00a0sans rel\u00e2che, une batterie d\u2019actions \u00e0 travers neuf r\u00e9gions du pays, pour am\u00e9liorer la situation de milliers de filles.<\/p>\n<p>Au nom des membres de l\u2019Association D\u2019appui et d\u2019\u00c9veil Pugsada, je vous invite \u00e0 vous engager afin qu\u2019ensemble nous renforcions notre synergie d\u2019actions, nos strat\u00e9gies et nos approches pour atteindre des r\u00e9sultats plus significatifs au bonheur des filles et des femmes.<\/p>\n<p>&nbsp;<\/p>\n<p align=\"justify\">\n","protected":false},"excerpt":{"rendered":"<p>De ma position de Pr\u00e9sidente du Conseil d\u2019Administration de l\u2019Association D\u2019appui et d\u2019\u00c9veil Pugsada, je lance aujourd&rsquo;hui un cri du c\u0153ur parce que \u00a0je suis un t\u00e9moin privil\u00e9gi\u00e9 des fl\u00e9aux qui affligent les filles et qui les marquent plus durement aujourd\u2019hui\u00a0; dans une soci\u00e9t\u00e9 cosmopolite, culturellement hybride et mon\u00e9tariste. Face aux multiples maux sociaux qui [&hellip;]<\/p>\n","protected":false},"author":1,"featured_media":0,"parent":0,"menu_order":0,"comment_status":"closed","ping_status":"closed","template":"","meta":[],"_links":{"self":[{"href":"https:\/\/pugsada.org\/wordpress\/wp-json\/wp\/v2\/pages\/1772"}],"collection":[{"href":"https:\/\/pugsada.org\/wordpress\/wp-json\/wp\/v2\/pages"}],"about":[{"href":"https:\/\/pugsada.org\/wordpress\/wp-json\/wp\/v2\/types\/page"}],"author":[{"embeddable":true,"href":"https:\/\/pugsada.org\/wordpress\/wp-json\/wp\/v2\/users\/1"}],"replies":[{"embeddable":true,"href":"https:\/\/pugsada.org\/wordpress\/wp-json\/wp\/v2\/comments?post=1772"}],"version-history":[{"count":9,"href":"https:\/\/pugsada.org\/wordpress\/wp-json\/wp\/v2\/pages\/1772\/revisions"}],"predecessor-version":[{"id":2064,"href":"https:\/\/pugsada.org\/wordpress\/wp-json\/wp\/v2\/pages\/1772\/revisions\/2064"}],"wp:attachment":[{"href":"https:\/\/pugsada.org\/wordpress\/wp-json\/wp\/v2\/media?parent=1772"}],"curies":[{"name":"wp","href":"https:\/\/api.w.org\/{rel}","templated":true}]}}