{"id":2260,"date":"2019-04-25T15:46:41","date_gmt":"2019-04-25T14:46:41","guid":{"rendered":"http:\/\/pugsada.org\/wordpress\/?page_id=2260"},"modified":"2019-04-25T15:50:44","modified_gmt":"2019-04-25T14:50:44","slug":"mot-de-la-fondatrice","status":"publish","type":"page","link":"https:\/\/pugsada.org\/wordpress\/mot-de-la-fondatrice\/","title":{"rendered":"Mot de la fondatrice"},"content":{"rendered":"<figure id=\"attachment_1689\" aria-describedby=\"caption-attachment-1689\" style=\"width: 188px\" class=\"wp-caption alignleft\"><a href=\"http:\/\/pugsada.org\/wordpress\/wp-content\/uploads\/2017\/01\/presidente-honeur.jpg\"><img decoding=\"async\" loading=\"lazy\" class=\"wp-image-1689 size-full\" src=\"http:\/\/pugsada.org\/wordpress\/wp-content\/uploads\/2017\/01\/presidente-honeur.jpg\" alt=\"\" width=\"188\" height=\"198\" \/><\/a><figcaption id=\"caption-attachment-1689\" class=\"wp-caption-text\">Mme Marie L\u00e9a Gama-Zongo, Fondatrice et Pr\u00e9sidente d\u2019honneur<\/figcaption><\/figure>\n<p>Depuis sa cr\u00e9ation en 1995, l\u2019Association D\u2019Appui et d\u2019Eveil Pugsada (ADEP) continue inlassablement et avec conviction \u00e0 \u0153uvrer dans le sens de l\u2019am\u00e9lioration du statut et des conditions de vie des filles issues des campagnes et des villes du Burkina Faso.<\/p>\n<p style=\"text-align: justify;\"><span style=\"font-family: 'Arial',sans-serif;\">Nous sommes convaincus qu\u2019une couche f\u00e9minine form\u00e9e, \u00e9duqu\u00e9e et engag\u00e9e, participant d\u2019une mani\u00e8re efficace et responsable \u00e0 la vie sociale, \u00e9conomique et politique du pays se construit aujourd\u2019hui au niveau des filles.<\/span><\/p>\n<p>Pour atteindre un tel objectif, la contribution de plusieurs acteurs reste indispensable, notamment, celle des parents, des leaders d\u2019opinion, des hommes et des femmes de lois, et des m\u00e9dias, etc. C\u2019est \u00e0 cette condition que le processus de changement social en faveur des filles sera plus rapide et durable.<\/p>\n<p>L\u2019\u00e9ducation et la formation des filles, bases essentielles de leur participation future et effective \u00e0 la construction de la nation, restent donc une priorit\u00e9 pour l\u2019ADEP et se situent en bonne place dans ses actions au profit des filles issues des campagnes et des villes.<\/p>\n<p>Vingt quatre (24) ans apr\u00e8s la cr\u00e9ation de l\u2019ADEP, des acquis importants ont \u00e9t\u00e9 engrang\u00e9s dans plusieurs domaines. En exemple, les questions du mariage pr\u00e9coce et forc\u00e9 et de l\u2019excision des filles, sujets jadis tabou, sont pos\u00e9es et discut\u00e9es \u00e0 travers les th\u00e9\u00e2tres-forum, les \u00e9missions radiophoniques, les ateliers et le counseling. Le harc\u00e8lement sexuel des filles en milieu scolaire, \u00e9galement est de plus en plus discut\u00e9 \u00e0 tous les niveaux avec une prise de conscience perceptible aussi bien au niveau des enseignants, des \u00e9l\u00e8ves que des populations de la zone d\u2019intervention de l\u2019ADEP. Tous ces acquis ont besoin d\u2019\u00eatre consolid\u00e9s et p\u00e9rennis\u00e9s.<\/p>\n<p>Des d\u00e9fis restent cependant \u00e0 relever. En effet, la pauvret\u00e9 ambiante et criarde ainsi que les pesanteurs socioculturelles constituent des obstacles importants pour lesquels des mesures et des initiatives doivent \u00eatre prises pour att\u00e9nuer leurs effets n\u00e9gatifs sur l\u2019\u00e9panouissement socio\u00e9conomique des filles. Dans notre soci\u00e9t\u00e9, la fille est en bas de l\u2019\u00e9chelle sociale. Le d\u00e9fi \u00e0 relever ici est le changement de mentalit\u00e9 aussi bien au niveau de la fille qu\u2019\u00e0 celui de la communaut\u00e9. C\u2019est une lutte de longue haleine qui ne peut cependant \u00eatre gagn\u00e9e que par une synergie d\u2019actions avec nos partenaires.<\/p>\n<p>Nous avons conscience que le changement ne se produit pas tout seul, C\u2019est ensemble et dans l\u2019effort continu que nous pourrons l\u2019obtenir. C\u2019est pourquoi nous sommes d\u00e9termin\u00e9s au niveau de l\u2019ADEP \u00e0 poursuivre le d\u00e9veloppement d\u2019un partenariat dynamique qui contribuera fortement \u00e0 l\u2019accomplissement optimal de notre mission.<\/p>\n<p>&nbsp;<\/p>\n","protected":false},"excerpt":{"rendered":"<p>Depuis sa cr\u00e9ation en 1995, l\u2019Association D\u2019Appui et d\u2019Eveil Pugsada (ADEP) continue inlassablement et avec conviction \u00e0 \u0153uvrer dans le sens de l\u2019am\u00e9lioration du statut et des conditions de vie des filles issues des campagnes et des villes du Burkina Faso. Nous sommes convaincus qu\u2019une couche f\u00e9minine form\u00e9e, \u00e9duqu\u00e9e et engag\u00e9e, participant d\u2019une mani\u00e8re efficace [&hellip;]<\/p>\n","protected":false},"author":1,"featured_media":0,"parent":0,"menu_order":0,"comment_status":"closed","ping_status":"closed","template":"","meta":[],"_links":{"self":[{"href":"https:\/\/pugsada.org\/wordpress\/wp-json\/wp\/v2\/pages\/2260"}],"collection":[{"href":"https:\/\/pugsada.org\/wordpress\/wp-json\/wp\/v2\/pages"}],"about":[{"href":"https:\/\/pugsada.org\/wordpress\/wp-json\/wp\/v2\/types\/page"}],"author":[{"embeddable":true,"href":"https:\/\/pugsada.org\/wordpress\/wp-json\/wp\/v2\/users\/1"}],"replies":[{"embeddable":true,"href":"https:\/\/pugsada.org\/wordpress\/wp-json\/wp\/v2\/comments?post=2260"}],"version-history":[{"count":2,"href":"https:\/\/pugsada.org\/wordpress\/wp-json\/wp\/v2\/pages\/2260\/revisions"}],"predecessor-version":[{"id":2262,"href":"https:\/\/pugsada.org\/wordpress\/wp-json\/wp\/v2\/pages\/2260\/revisions\/2262"}],"wp:attachment":[{"href":"https:\/\/pugsada.org\/wordpress\/wp-json\/wp\/v2\/media?parent=2260"}],"curies":[{"name":"wp","href":"https:\/\/api.w.org\/{rel}","templated":true}]}}