{"id":2306,"date":"2020-02-23T12:49:02","date_gmt":"2020-02-23T11:49:02","guid":{"rendered":"http:\/\/pugsada.org\/wordpress\/?page_id=2306"},"modified":"2020-02-26T15:19:43","modified_gmt":"2020-02-26T14:19:43","slug":"documents","status":"publish","type":"page","link":"https:\/\/pugsada.org\/wordpress\/documents\/","title":{"rendered":"Documents"},"content":{"rendered":"<p>[vc_row][vc_column][vc_column_text]\n    <script>\n        jQuery(function($){\n\n            var __dt = $('#wpdmmydls-f9638ad9ef90a6446ef2d894a22d6f3a').dataTable({\n                \"dom\": '<\"wpdmdt-toolbar\"lfrB>t<\"wpdmdt-toolbarb\"ip>',\n                responsive: true,\n                \"order\": [[ 0, \"asc\" ]],\n                \"language\": {\n                    \"lengthMenu\": \"Afficher _MENU_ t\u00e9l\u00e9chargements par page\",\n                    \"zeroRecords\": \"Aucun paquet trouv\u00e9\",\n                    \"info\": \"Affichage des t\u00e9l\u00e9chargements _START_ \u00e0 _END_ sur _TOTAL_ t\u00e9l\u00e9chargements\",\n                    \"infoEmpty\": \"Aucun t\u00e9l\u00e9chargement disponible\",\n                    \"infoFiltered\": \"(filtr\u00e9s sur un total de _MAX_ t\u00e9l\u00e9chargements)\",\n                    \"emptyTable\":     \"Aucune donn\u00e9e disponible\",\n                    \"infoPostFix\":    \"\",\n                    \"thousands\":      \",\",\n                    \"loadingRecords\": \"Chargement en cours\u2026\",\n                    \"processing\":     \"En cours de traitement\u2026\",\n                    \"search\":         \"Rechercher\u00a0:\",\n                    \"paginate\": {\n                        \"first\":      \"Premier\",\n                        \"last\":       \"Dernier\",\n                        \"next\":       \"Suivant\",\n                        \"previous\":   \"Pr\u00e9c\u00e9dent\"\n                    },\n                    \"aria\": {\n                        \"sortAscending\":  \" : activer pour trier la colonne par ordre croissant\",\n                        \"sortDescending\": \": activer pour trier la colonne par ordre d\u00e9croissant\"\n                    }\n                },\n                \"iDisplayLength\": 20,\n                \"aLengthMenu\": [[20, 10, 25, 50, -1], [20, 10, 25, 50, \"Tout\"]]\n            });\n\n                    });\n    <\/script>\n<style>\n    .wpdmdt-toolbar {\n        padding: 10px 10px 0 10px;\n    }\n    .wpdmdt-toolbarb {\n        padding: 5px 10px 10px;\n    }\n    .wpdmdt-toolbar > div {\n        display: inline-block;\n    }\n    table,td,th{\n        border: 0;\n    }\n    #wpdm-all-packages .card{\n        overflow: hidden;\n    }\n    .dataTables_wrapper .table{\n        margin: 0;\n    }\n    #wpdmmydls-f9638ad9ef90a6446ef2d894a22d6f3a{\n        border-bottom: 1px solid #dddddd;\n        border-top: 1px solid #dddddd;\n        font-size: 10pt;\n        min-width: 100%;\n    }\n    #wpdmmydls-f9638ad9ef90a6446ef2d894a22d6f3a .wpdm-download-link img{\n        box-shadow: none !important;\n        max-width: 100%;\n    }\n    .w3eden .pagination{\n        margin: 0 !important;\n    }\n    #wpdmmydls-f9638ad9ef90a6446ef2d894a22d6f3a td:not(:first-child){\n        vertical-align: middle !important;\n    }\n    #wpdmmydls-f9638ad9ef90a6446ef2d894a22d6f3a td.__dt_col_download_link .btn{\n        display: block;\n        width: 100%;\n    }\n    #wpdmmydls-f9638ad9ef90a6446ef2d894a22d6f3a td.__dt_col_download_link,\n    #wpdmmydls-f9638ad9ef90a6446ef2d894a22d6f3a th#download_link{\n        max-width: 155px !important;\n        width: 155px;\n\n    }\n    #wpdmmydls-f9638ad9ef90a6446ef2d894a22d6f3a th{\n        background-color: rgba(0,0,0,0.04);\n        border-bottom: 1px solid rgba(0,0,0,0.025);\n    }\n    #wpdmmydls-f9638ad9ef90a6446ef2d894a22d6f3a_length label,\n    #wpdmmydls-f9638ad9ef90a6446ef2d894a22d6f3a_filter label{\n        font-weight: 400;\n    }\n    #wpdmmydls-f9638ad9ef90a6446ef2d894a22d6f3a_filter input[type=search]{\n        display: inline-block;\n        width: 200px;\n    }\n    #wpdmmydls-f9638ad9ef90a6446ef2d894a22d6f3a_length select{\n        display: inline-block;\n        width: 60px;\n    }\n\n    #wpdmmydls-f9638ad9ef90a6446ef2d894a22d6f3a .package-title{\n        color:#36597C;\n        font-size: 11pt;\n        font-weight: 700;\n    }\n    #wpdmmydls-f9638ad9ef90a6446ef2d894a22d6f3a .small-txt{\n        margin-right: 7px;\n    }\n    #wpdmmydls-f9638ad9ef90a6446ef2d894a22d6f3a td{\n        min-width: 150px;\n    }\n\n    #wpdmmydls-f9638ad9ef90a6446ef2d894a22d6f3a td.__dt_col_categories{\n        max-width: 300px;\n    }\n\n    #wpdmmydls-f9638ad9ef90a6446ef2d894a22d6f3a .small-txt,\n    #wpdmmydls-f9638ad9ef90a6446ef2d894a22d6f3a small{\n        font-size: 9pt;\n    }\n    .w3eden .table-striped tbody tr:nth-of-type(2n+1) {\n        background-color: rgba(0,0,0,0.015);\n    }\n    .dataTables_wrapper .dataTables_paginate .paginate_button:active,\n    .dataTables_wrapper .dataTables_paginate .paginate_button:focus,\n    .dataTables_wrapper .dataTables_paginate .paginate_button:hover,\n    .dataTables_wrapper .dataTables_paginate .paginate_button{\n        margin: 0 !important;\n        padding: 0 !important;\n        border: 0 !important;\n        background: transparent !important;\n    }\n\n\n    @media (max-width: 799px) {\n        #wpdmmydls-f9638ad9ef90a6446ef2d894a22d6f3a tr {\n            display: block;\n            border: 3px solid rgba(0,0,0,0.3) !important;\n            margin-bottom: 10px !important;\n            position: relative;\n        }\n        #wpdmmydls-f9638ad9ef90a6446ef2d894a22d6f3a thead{\n            display: none;\n        }\n        #wpdmmydls-f9638ad9ef90a6446ef2d894a22d6f3a,\n        #wpdmmydls-f9638ad9ef90a6446ef2d894a22d6f3a td:first-child {\n            border: 0 !important;\n        }\n        #wpdmmydls-f9638ad9ef90a6446ef2d894a22d6f3a td {\n            display: block;\n        }\n        #wpdmmydls-f9638ad9ef90a6446ef2d894a22d6f3a td.__dt_col_download_link {\n            display: block;\n            max-width: 100% !important;\n            width: auto !important;\n\n        }\n    }\n\n\n<\/style>\n<div class=\"w3eden\">\n    <div id=\"wpdm-all-packages\">\n        <table id=\"wpdmmydls-f9638ad9ef90a6446ef2d894a22d6f3a\" class=\"table table-striped wpdm-all-packages-table\">\n            <thead>\n            <tr>\n                                <th style=\"\"  id=\"page_link\" class=\"\">Titre<\/th>\n                                <th style=\"\"  id=\"categories\" class=\"hidden-sm hidden-xs\">Cat\u00e9gories<\/th>\n                                <th style=\"\"  id=\"update_date\" class=\"hidden-sm hidden-xs\">Date de mise \u00e0 jour<\/th>\n                                <th style=\"\"  id=\"download_link\" class=\"hidden-sm hidden-xs\">T\u00e9l\u00e9charger<\/th>\n                \n            <\/tr>\n            <\/thead>\n            <tbody>\n            \n                    <tr class=\"__dt_row\">\n                                                <td  class=\"__dt_col_0 __dt_col __dt_col_page_link\" style=\"background-image: url('https:\/\/pugsada.org\/wordpress\/wp-content\/plugins\/download-manager\/assets\/file-type-icons\/unknown.svg');background-size: 36px;background-position: 5px 8px;background-repeat:  no-repeat;padding-left: 52px;line-height: normal;\">\n                            <a class=\"package-title\" href='https:\/\/pugsada.org\/wordpress\/download\/lancement-officiel-mouvement-feministe-jeunes-filles-burkina-faso\/'>Lancement officiel du mouvement f\u00e9ministe des jeunes filles du Burkina Faso<\/a><br\/><span class='__dt_file_count small-txt'>1<\/span><span class='__dt_download_count small-txt'><i class=\"far fa-arrow-alt-circle-down\"><\/i> 3 t\u00e9l\u00e9chargements<\/span><div class=\"hidden-md hidden-lg td-mobile\"><\/div>\n\n                        <\/td>\n                                                <td  class=\"__dt_col_1 __dt_col __dt_col_categories\" >\n                            <span class='__dt_categories '><\/span>\n\n                        <\/td>\n                                                <td  data-order=\"1689465600\"  class=\"__dt_col_2 __dt_col __dt_col_update_date\" >\n                            <span class='__dt_update_date '>16 juillet 2023<\/span>\n\n                        <\/td>\n                                                <td  class=\"__dt_col_3 __dt_col __dt_col_download_link\" >\n                            <a class='wpdm-download-link download-on-click btn btn-primary ' rel='nofollow' href='#' data-downloadurl=\"https:\/\/pugsada.org\/wordpress\/download\/lancement-officiel-mouvement-feministe-jeunes-filles-burkina-faso\/?wpdmdl=2813&refresh=6a0489459eb761778682181\">T\u00e9l\u00e9charger<\/a>\n\n                        <\/td>\n                        \n                    <\/tr>\n                \n                    <tr class=\"__dt_row\">\n                                                <td  class=\"__dt_col_0 __dt_col __dt_col_page_link\" style=\"background-image: url('https:\/\/pugsada.org\/wordpress\/wp-content\/plugins\/download-manager\/assets\/file-type-icons\/pdf.svg');background-size: 36px;background-position: 5px 8px;background-repeat:  no-repeat;padding-left: 52px;line-height: normal;\">\n                            <a class=\"package-title\" href='https:\/\/pugsada.org\/wordpress\/download\/rapport-annuel-2021\/'>RAPPORT ANNUEL 2021<\/a><br\/><span class='__dt_file_count small-txt'>1<\/span><span class='__dt_download_count small-txt'><i class=\"far fa-arrow-alt-circle-down\"><\/i> 17 t\u00e9l\u00e9chargements<\/span><div class=\"hidden-md hidden-lg td-mobile\"><\/div>\n\n                        <\/td>\n                                                <td  class=\"__dt_col_1 __dt_col __dt_col_categories\" >\n                            <span class='__dt_categories '><a class='sbyc' href='https:\/\/pugsada.org\/wordpress\/documents\/?tax%5Bwpdmcategory%5D=rapports'>Rapports<\/a><\/span>\n\n                        <\/td>\n                                                <td  data-order=\"1657843200\"  class=\"__dt_col_2 __dt_col __dt_col_update_date\" >\n                            <span class='__dt_update_date '>15 juillet 2022<\/span>\n\n                        <\/td>\n                                                <td  class=\"__dt_col_3 __dt_col __dt_col_download_link\" >\n                            <a class='wpdm-download-link download-on-click btn btn-primary ' rel='nofollow' href='#' data-downloadurl=\"https:\/\/pugsada.org\/wordpress\/download\/rapport-annuel-2021\/?wpdmdl=2615&refresh=6a048945a37231778682181\">T\u00e9l\u00e9charger<\/a>\n\n                        <\/td>\n                        \n                    <\/tr>\n                \n                    <tr class=\"__dt_row\">\n                                                <td  class=\"__dt_col_0 __dt_col __dt_col_page_link\" style=\"background-image: url('https:\/\/pugsada.org\/wordpress\/wp-content\/plugins\/download-manager\/assets\/file-type-icons\/pdf.svg');background-size: 36px;background-position: 5px 8px;background-repeat:  no-repeat;padding-left: 52px;line-height: normal;\">\n                            <a class=\"package-title\" href='https:\/\/pugsada.org\/wordpress\/download\/etude-normes-institutions-sociales-favorisant-violences-liees-genre-regions-centre-nord-de-boucle-mouhoun-burkina-faso\/'>\u00c9TUDE SUR LES NORMES ET INSTITUTIONS SOCIALES FAVORISANT LES VIOLENCES LI\u00c9ES AU GENRE DANS LES REGIONS DU CENTRE-NORD ET DE LA BOUCLE DU MOUHOUN AU BURKINA FASO<\/a><br\/><span class='__dt_file_count small-txt'>1<\/span><span class='__dt_download_count small-txt'><i class=\"far fa-arrow-alt-circle-down\"><\/i> 6 t\u00e9l\u00e9chargements<\/span><div class=\"hidden-md hidden-lg td-mobile\"><\/div>\n\n                        <\/td>\n                                                <td  class=\"__dt_col_1 __dt_col __dt_col_categories\" >\n                            <span class='__dt_categories '><\/span>\n\n                        <\/td>\n                                                <td  data-order=\"1654992000\"  class=\"__dt_col_2 __dt_col __dt_col_update_date\" >\n                            <span class='__dt_update_date '>12 juin 2022<\/span>\n\n                        <\/td>\n                                                <td  class=\"__dt_col_3 __dt_col __dt_col_download_link\" >\n                            <a class='wpdm-download-link download-on-click btn btn-primary ' rel='nofollow' href='#' data-downloadurl=\"https:\/\/pugsada.org\/wordpress\/download\/etude-normes-institutions-sociales-favorisant-violences-liees-genre-regions-centre-nord-de-boucle-mouhoun-burkina-faso\/?wpdmdl=2553&refresh=6a048945a8b941778682181\">T\u00e9l\u00e9charger<\/a>\n\n                        <\/td>\n                        \n                    <\/tr>\n                \n                    <tr class=\"__dt_row\">\n                                                <td  class=\"__dt_col_0 __dt_col __dt_col_page_link\" style=\"background-image: url('https:\/\/pugsada.org\/wordpress\/wp-content\/plugins\/download-manager\/assets\/file-type-icons\/pdf.svg');background-size: 36px;background-position: 5px 8px;background-repeat:  no-repeat;padding-left: 52px;line-height: normal;\">\n                            <a class=\"package-title\" href='https:\/\/pugsada.org\/wordpress\/download\/communique-final-atelier-bilan-miparcours-programme-choix\/'>COMMUNIQUE FINAL ATELIER BILAN MIPARCOURS PROGRAMME SON CHOIX<\/a><br\/><span class='__dt_file_count small-txt'>1<\/span><span class='__dt_download_count small-txt'><i class=\"far fa-arrow-alt-circle-down\"><\/i> 25 t\u00e9l\u00e9chargements<\/span><div class=\"hidden-md hidden-lg td-mobile\"><\/div>\n\n                        <\/td>\n                                                <td  class=\"__dt_col_1 __dt_col __dt_col_categories\" >\n                            <span class='__dt_categories '><a class='sbyc' href='https:\/\/pugsada.org\/wordpress\/documents\/?tax%5Bwpdmcategory%5D=rapports'>Rapports<\/a><\/span>\n\n                        <\/td>\n                                                <td  data-order=\"1583452800\"  class=\"__dt_col_2 __dt_col __dt_col_update_date\" >\n                            <span class='__dt_update_date '>6 mars 2020<\/span>\n\n                        <\/td>\n                                                <td  class=\"__dt_col_3 __dt_col __dt_col_download_link\" >\n                            <a class='wpdm-download-link download-on-click btn btn-primary ' rel='nofollow' href='#' data-downloadurl=\"https:\/\/pugsada.org\/wordpress\/download\/communique-final-atelier-bilan-miparcours-programme-choix\/?wpdmdl=2464&refresh=6a048945aea061778682181\">T\u00e9l\u00e9charger<\/a>\n\n                        <\/td>\n                        \n                    <\/tr>\n                \n                    <tr class=\"__dt_row\">\n                                                <td  class=\"__dt_col_0 __dt_col __dt_col_page_link\" style=\"background-image: url('https:\/\/pugsada.org\/wordpress\/wp-content\/plugins\/download-manager\/assets\/file-type-icons\/pdf.svg');background-size: 36px;background-position: 5px 8px;background-repeat:  no-repeat;padding-left: 52px;line-height: normal;\">\n                            <a class=\"package-title\" href='https:\/\/pugsada.org\/wordpress\/download\/fiches-pedagogique-enseignement-cp-ssr-me-vbg-adep_2019\/'>Fiches p\u00e9dagogique enseignement des CP sur la SSR ME VBG ADEP_2019<\/a><br\/><span class='__dt_file_count small-txt'>1<\/span><span class='__dt_download_count small-txt'><i class=\"far fa-arrow-alt-circle-down\"><\/i> 27 t\u00e9l\u00e9chargements<\/span><div class=\"hidden-md hidden-lg td-mobile\"><\/div>\n\n                        <\/td>\n                                                <td  class=\"__dt_col_1 __dt_col __dt_col_categories\" >\n                            <span class='__dt_categories '><a class='sbyc' href='https:\/\/pugsada.org\/wordpress\/documents\/?tax%5Bwpdmcategory%5D=fiches-pedagogiques'>FICHES PEDAGOGIQUES<\/a><\/span>\n\n                        <\/td>\n                                                <td  data-order=\"1583452800\"  class=\"__dt_col_2 __dt_col __dt_col_update_date\" >\n                            <span class='__dt_update_date '>6 mars 2020<\/span>\n\n                        <\/td>\n                                                <td  class=\"__dt_col_3 __dt_col __dt_col_download_link\" >\n                            <a class='wpdm-download-link download-on-click btn btn-primary ' rel='nofollow' href='#' data-downloadurl=\"https:\/\/pugsada.org\/wordpress\/download\/fiches-pedagogique-enseignement-cp-ssr-me-vbg-adep_2019\/?wpdmdl=2462&refresh=6a048945b40ac1778682181\">T\u00e9l\u00e9charger<\/a>\n\n                        <\/td>\n                        \n                    <\/tr>\n                \n                    <tr class=\"__dt_row\">\n                                                <td  class=\"__dt_col_0 __dt_col __dt_col_page_link\" style=\"background-image: url('https:\/\/pugsada.org\/wordpress\/wp-content\/plugins\/download-manager\/assets\/file-type-icons\/pdf.svg');background-size: 36px;background-position: 5px 8px;background-repeat:  no-repeat;padding-left: 52px;line-height: normal;\">\n                            <a class=\"package-title\" href='https:\/\/pugsada.org\/wordpress\/download\/fiches-pedagogique-enseignement-ssr-me-vbg-adep_2019\/'>Fiches p\u00e9dagogique enseignement des CE sur la SSR ME VBG ADEP_2019<\/a><br\/><span class='__dt_file_count small-txt'>1<\/span><span class='__dt_download_count small-txt'><i class=\"far fa-arrow-alt-circle-down\"><\/i> 25 t\u00e9l\u00e9chargements<\/span><div class=\"hidden-md hidden-lg td-mobile\"><\/div>\n\n                        <\/td>\n                                                <td  class=\"__dt_col_1 __dt_col __dt_col_categories\" >\n                            <span class='__dt_categories '><a class='sbyc' href='https:\/\/pugsada.org\/wordpress\/documents\/?tax%5Bwpdmcategory%5D=fiches-pedagogiques'>FICHES PEDAGOGIQUES<\/a><\/span>\n\n                        <\/td>\n                                                <td  data-order=\"1583452800\"  class=\"__dt_col_2 __dt_col __dt_col_update_date\" >\n                            <span class='__dt_update_date '>6 mars 2020<\/span>\n\n                        <\/td>\n                                                <td  class=\"__dt_col_3 __dt_col __dt_col_download_link\" >\n                            <a class='wpdm-download-link download-on-click btn btn-primary ' rel='nofollow' href='#' data-downloadurl=\"https:\/\/pugsada.org\/wordpress\/download\/fiches-pedagogique-enseignement-ssr-me-vbg-adep_2019\/?wpdmdl=2460&refresh=6a048945b9ba21778682181\">T\u00e9l\u00e9charger<\/a>\n\n                        <\/td>\n                        \n                    <\/tr>\n                \n                    <tr class=\"__dt_row\">\n                                                <td  class=\"__dt_col_0 __dt_col __dt_col_page_link\" style=\"background-image: url('https:\/\/pugsada.org\/wordpress\/wp-content\/plugins\/download-manager\/assets\/file-type-icons\/pdf.svg');background-size: 36px;background-position: 5px 8px;background-repeat:  no-repeat;padding-left: 52px;line-height: normal;\">\n                            <a class=\"package-title\" href='https:\/\/pugsada.org\/wordpress\/download\/fiches-pedagogique-enseignement-cm-ssr-me-vbg-adep_2019\/'>Fiches p\u00e9dagogique enseignement des CM sur la SSR ME VBG ADEP_2019<\/a><br\/><span class='__dt_file_count small-txt'>1<\/span><span class='__dt_download_count small-txt'><i class=\"far fa-arrow-alt-circle-down\"><\/i> 29 t\u00e9l\u00e9chargements<\/span><div class=\"hidden-md hidden-lg td-mobile\"><\/div>\n\n                        <\/td>\n                                                <td  class=\"__dt_col_1 __dt_col __dt_col_categories\" >\n                            <span class='__dt_categories '><a class='sbyc' href='https:\/\/pugsada.org\/wordpress\/documents\/?tax%5Bwpdmcategory%5D=fiches-pedagogiques'>FICHES PEDAGOGIQUES<\/a><\/span>\n\n                        <\/td>\n                                                <td  data-order=\"1583452800\"  class=\"__dt_col_2 __dt_col __dt_col_update_date\" >\n                            <span class='__dt_update_date '>6 mars 2020<\/span>\n\n                        <\/td>\n                                                <td  class=\"__dt_col_3 __dt_col __dt_col_download_link\" >\n                            <a class='wpdm-download-link download-on-click btn btn-primary ' rel='nofollow' href='#' data-downloadurl=\"https:\/\/pugsada.org\/wordpress\/download\/fiches-pedagogique-enseignement-cm-ssr-me-vbg-adep_2019\/?wpdmdl=2458&refresh=6a048945c07f61778682181\">T\u00e9l\u00e9charger<\/a>\n\n                        <\/td>\n                        \n                    <\/tr>\n                \n                    <tr class=\"__dt_row\">\n                                                <td  class=\"__dt_col_0 __dt_col __dt_col_page_link\" style=\"background-image: url('https:\/\/pugsada.org\/wordpress\/wp-content\/plugins\/download-manager\/assets\/file-type-icons\/pdf.svg');background-size: 36px;background-position: 5px 8px;background-repeat:  no-repeat;padding-left: 52px;line-height: normal;\">\n                            <a class=\"package-title\" href='https:\/\/pugsada.org\/wordpress\/download\/rapport-dactivites-2019\/'>Rapport d&rsquo;activit\u00e9s 2019<\/a><br\/><span class='__dt_file_count small-txt'>1<\/span><span class='__dt_download_count small-txt'><i class=\"far fa-arrow-alt-circle-down\"><\/i> 50 t\u00e9l\u00e9chargements<\/span><div class=\"hidden-md hidden-lg td-mobile\"><\/div>\n\n                        <\/td>\n                                                <td  class=\"__dt_col_1 __dt_col __dt_col_categories\" >\n                            <span class='__dt_categories '><a class='sbyc' href='https:\/\/pugsada.org\/wordpress\/documents\/?tax%5Bwpdmcategory%5D=rapports'>Rapports<\/a><\/span>\n\n                        <\/td>\n                                                <td  data-order=\"1582588800\"  class=\"__dt_col_2 __dt_col __dt_col_update_date\" >\n                            <span class='__dt_update_date '>25 f\u00e9vrier 2020<\/span>\n\n                        <\/td>\n                                                <td  class=\"__dt_col_3 __dt_col __dt_col_download_link\" >\n                            <a class='wpdm-download-link download-on-click btn btn-primary ' rel='nofollow' href='#' data-downloadurl=\"https:\/\/pugsada.org\/wordpress\/download\/rapport-dactivites-2019\/?wpdmdl=2365&refresh=6a048945c71711778682181\">T\u00e9l\u00e9charger<\/a>\n\n                        <\/td>\n                        \n                    <\/tr>\n                                        <\/tbody>\n        <\/table>\n\n        <div class='text-center'><ul class='pagination wpdm-pagination pagination-centered text-center'><\/ul><\/div>\n    <\/div>\n<\/div>\n[\/vc_column_text][\/vc_column][\/vc_row][vc_row][vc_column][vc_raw_html css=\u00a0\u00bb.vc_custom_1582726761693{background-image: url(http:\/\/pugsada.org\/wordpress\/wp-content\/uploads\/2020\/02\/Fiches-p\u00e9dagogique-CP_avec-logo-ADEP_2019.pdf?id=2444) !important;}\u00a0\u00bb]JTNDcCUzRUklMjBhbSUyMHJhdyUyMGh0bWwlMjBibG9jay4lM0NiciUyRiUzRUNsaWNrJTIwZWRpdCUyMGJ1dHRvbiUyMHRvJTIwY2hhbmdlJTIwdGhpcyUyMGh0bWwlM0MlMkZwJTNF[\/vc_raw_html][\/vc_column][\/vc_row]<\/p>\n","protected":false},"excerpt":{"rendered":"<p>[vc_row][vc_column][vc_column_text][\/vc_column_text][\/vc_column][\/vc_row][vc_row][vc_column][vc_raw_html css=\u00a0\u00bb.vc_custom_1582726761693{background-image: url(http:\/\/pugsada.org\/wordpress\/wp-content\/uploads\/2020\/02\/Fiches-p\u00e9dagogique-CP_avec-logo-ADEP_2019.pdf?id=2444) !important;}\u00a0\u00bb]JTNDcCUzRUklMjBhbSUyMHJhdyUyMGh0bWwlMjBibG9jay4lM0NiciUyRiUzRUNsaWNrJTIwZWRpdCUyMGJ1dHRvbiUyMHRvJTIwY2hhbmdlJTIwdGhpcyUyMGh0bWwlM0MlMkZwJTNF[\/vc_raw_html][\/vc_column][\/vc_row]<\/p>\n","protected":false},"author":1,"featured_media":0,"parent":0,"menu_order":0,"comment_status":"closed","ping_status":"closed","template":"","meta":[],"_links":{"self":[{"href":"https:\/\/pugsada.org\/wordpress\/wp-json\/wp\/v2\/pages\/2306"}],"collection":[{"href":"https:\/\/pugsada.org\/wordpress\/wp-json\/wp\/v2\/pages"}],"about":[{"href":"https:\/\/pugsada.org\/wordpress\/wp-json\/wp\/v2\/types\/page"}],"author":[{"embeddable":true,"href":"https:\/\/pugsada.org\/wordpress\/wp-json\/wp\/v2\/users\/1"}],"replies":[{"embeddable":true,"href":"https:\/\/pugsada.org\/wordpress\/wp-json\/wp\/v2\/comments?post=2306"}],"version-history":[{"count":10,"href":"https:\/\/pugsada.org\/wordpress\/wp-json\/wp\/v2\/pages\/2306\/revisions"}],"predecessor-version":[{"id":2445,"href":"https:\/\/pugsada.org\/wordpress\/wp-json\/wp\/v2\/pages\/2306\/revisions\/2445"}],"wp:attachment":[{"href":"https:\/\/pugsada.org\/wordpress\/wp-json\/wp\/v2\/media?parent=2306"}],"curies":[{"name":"wp","href":"https:\/\/api.w.org\/{rel}","templated":true}]}}