{"id":975,"date":"2016-11-18T17:06:11","date_gmt":"2016-11-18T17:06:11","guid":{"rendered":"http:\/\/greenassociatesaccountants.com\/wish_charity_wp_demo\/?page_id=975"},"modified":"2026-04-06T23:05:11","modified_gmt":"2026-04-06T22:05:11","slug":"nous-joindre","status":"publish","type":"page","link":"https:\/\/pugsada.org\/wordpress\/nous-joindre\/","title":{"rendered":"Nous joindre"},"content":{"rendered":"<p>[vc_row wiz_custom_class=\u00a0\u00bbsection-content-block\u00a0\u00bb el_class=\u00a0\u00bbsection-contact-block\u00a0\u00bb][vc_column]<ul class=\"contact-info\">\n                    <li>\n                        <span class=\"icon-container\"><i class=\"fa fa-home\"><\/i><\/span>\n                        <address> Si\u00e8ge administratif \u00e0 Zagtouli Ouagadougou,  Centre d'Education et de Promotion Sociale Pugsada: Rue 14.89, porte 91, Quartier Kalgond\u00e9 (Ouagadougou, BF)<\/address>\n                    <\/li>\n                    <li>\n                        <span class=\"icon-container\"><i class=\"fa fa-phone\"><\/i><\/span>\n                        <address>+226 05 12 34 34 \/\/ 70 26 35 76<\/address>\n                    <\/li>\n                    <li>\n                        <span class=\"icon-container\"><i class=\"fa fa-envelope\"><\/i><\/span>\n                        <address><a href=\"mailto:adep@pugsada.org\">adep@pugsada.org<\/a><\/address>\n                    <\/li>\n                    <li>\n                        <span class=\"icon-container\"><i class=\"fa fa-globe\"><\/i><\/span>\n                        <address><a href=\"http:\/\/www.pugsada.org\" target=\"_blank\">http:\/\/www.pugsada.org<\/a><\/address>\n                    <\/li>\n                <\/ul>[vc_row_inner][vc_column_inner width=\u00a0\u00bb1\/2&Prime;][vc_column_text]Nous \u00e9crire[\/vc_column_text]<div role=\"form\" class=\"wpcf7\" id=\"wpcf7-f21-o1\" lang=\"fr-FR\" dir=\"ltr\">\n<div class=\"screen-reader-response\"><\/div>\n<form action=\"\/wordpress\/wp-json\/wp\/v2\/pages\/975#wpcf7-f21-o1\" method=\"post\" class=\"wpcf7-form\" novalidate=\"novalidate\">\n<div style=\"display: none;\">\n<input type=\"hidden\" name=\"_wpcf7\" value=\"21\" \/>\n<input type=\"hidden\" name=\"_wpcf7_version\" value=\"4.8\" \/>\n<input type=\"hidden\" name=\"_wpcf7_locale\" value=\"fr_FR\" \/>\n<input type=\"hidden\" name=\"_wpcf7_unit_tag\" value=\"wpcf7-f21-o1\" \/>\n<input type=\"hidden\" name=\"_wpcf7_container_post\" value=\"0\" \/>\n<input type=\"hidden\" name=\"_wpcf7_nonce\" value=\"cd6de0a0b1\" \/>\n<\/div>\n<p><label> Votre nom<br \/>\n    <span class=\"wpcf7-form-control-wrap votre-nom\"><input type=\"text\" name=\"votre-nom\" value=\"\" size=\"40\" class=\"wpcf7-form-control wpcf7-text wpcf7-validates-as-required\" aria-required=\"true\" aria-invalid=\"false\" \/><\/span> <\/label><\/p>\n<p><label> Votre email<br \/>\n    <span class=\"wpcf7-form-control-wrap votre-email\"><input type=\"email\" name=\"votre-email\" value=\"\" size=\"40\" class=\"wpcf7-form-control wpcf7-text wpcf7-email wpcf7-validates-as-required wpcf7-validates-as-email\" aria-required=\"true\" aria-invalid=\"false\" \/><\/span> <\/label><\/p>\n<p><label> Sujet<br \/>\n    <span class=\"wpcf7-form-control-wrap votre-sujet\"><input type=\"text\" name=\"votre-sujet\" value=\"\" size=\"40\" class=\"wpcf7-form-control wpcf7-text\" aria-invalid=\"false\" \/><\/span> <\/label><\/p>\n<p><label> Votre Message<br \/>\n    <span class=\"wpcf7-form-control-wrap votre-message\"><textarea name=\"votre-message\" cols=\"40\" rows=\"10\" class=\"wpcf7-form-control wpcf7-textarea\" aria-invalid=\"false\"><\/textarea><\/span> <\/label><\/p>\n<p><input type=\"submit\" value=\"Envoyer\" class=\"wpcf7-form-control wpcf7-submit\" \/><\/p>\n<div class=\"wpcf7-response-output wpcf7-display-none\"><\/div><\/form><\/div>[\/vc_column_inner][vc_column_inner width=\u00a0\u00bb1\/2&Prime;][vc_column_text]Adresses[\/vc_column_text][vc_column_text]Nos r\u00e9seaux sociaux[\/vc_column_text]<div class=\"social-icons margin-top-11 clearfix\">\n                    <a title=\"Tweet It\" href=\"\" target=\"_blank\" class=\"btn btn-social-icon btn-twitter petition_share\">\n                        <i class=\"fa fa-twitter\"><\/i>\n                    <\/a>\n\n                    <a title=\"Share at Facebook\" href=\"https:\/\/web.facebook.com\/Association-Dappui-et-d\u00c9veil-Pugsada-136753387056697\/\" target=\"_blank\" class=\"btn btn-social-icon btn-facebook petition_share\">\n                        <i class=\"fa fa-facebook\"><\/i>\n                    <\/a>\n\n                    <a title=\"Share at Google+\" href=\"\" target=\"_blank\" class=\"btn btn-social-icon btn-goggle-plus petition_share\">\n                        <i class=\"fa fa-google-plus\"><\/i>\n                    <\/a>\n\n                    <a title=\"Share at Pinterest\" href=\"\" target=\"_blank\" class=\"btn btn-social-icon btn-pinterest petition_share\">\n                        <i class=\"fa fa-pinterest\"><\/i>\n                    <\/a>\n             <\/div>[\/vc_column_inner][\/vc_row_inner][\/vc_column][\/vc_row]<\/p>\n","protected":false},"excerpt":{"rendered":"<p>[vc_row wiz_custom_class=\u00a0\u00bbsection-content-block\u00a0\u00bb el_class=\u00a0\u00bbsection-contact-block\u00a0\u00bb][vc_column][vc_row_inner][vc_column_inner width=\u00a0\u00bb1\/2&Prime;][vc_column_text]Nous \u00e9crire[\/vc_column_text][\/vc_column_inner][vc_column_inner width=\u00a0\u00bb1\/2&Prime;][vc_column_text]Adresses[\/vc_column_text][vc_column_text]Nos r\u00e9seaux sociaux[\/vc_column_text][\/vc_column_inner][\/vc_row_inner][\/vc_column][\/vc_row]<\/p>\n","protected":false},"author":1,"featured_media":0,"parent":0,"menu_order":0,"comment_status":"closed","ping_status":"closed","template":"template-homepage.php","meta":[],"_links":{"self":[{"href":"https:\/\/pugsada.org\/wordpress\/wp-json\/wp\/v2\/pages\/975"}],"collection":[{"href":"https:\/\/pugsada.org\/wordpress\/wp-json\/wp\/v2\/pages"}],"about":[{"href":"https:\/\/pugsada.org\/wordpress\/wp-json\/wp\/v2\/types\/page"}],"author":[{"embeddable":true,"href":"https:\/\/pugsada.org\/wordpress\/wp-json\/wp\/v2\/users\/1"}],"replies":[{"embeddable":true,"href":"https:\/\/pugsada.org\/wordpress\/wp-json\/wp\/v2\/comments?post=975"}],"version-history":[{"count":11,"href":"https:\/\/pugsada.org\/wordpress\/wp-json\/wp\/v2\/pages\/975\/revisions"}],"predecessor-version":[{"id":3023,"href":"https:\/\/pugsada.org\/wordpress\/wp-json\/wp\/v2\/pages\/975\/revisions\/3023"}],"wp:attachment":[{"href":"https:\/\/pugsada.org\/wordpress\/wp-json\/wp\/v2\/media?parent=975"}],"curies":[{"name":"wp","href":"https:\/\/api.w.org\/{rel}","templated":true}]}}